{"id":1864,"date":"2023-11-02T16:15:10","date_gmt":"2023-11-02T16:15:10","guid":{"rendered":"https:\/\/catspurfection.com\/?page_id=1864"},"modified":"2023-11-08T12:53:57","modified_gmt":"2023-11-08T12:53:57","slug":"about-us","status":"publish","type":"page","link":"https:\/\/catspurfection.com\/de\/ueber-uns\/","title":{"rendered":"\u00dcber uns"},"content":{"rendered":"<p><strong>catspurfection.com<\/strong>\u00a0ist eine Website f\u00fcr Katzenliebhaber und Katzenbesitzer, die das Leben ihrer pelzigen Freunde mit den besten Pflege-, Ern\u00e4hrungs- und Behandlungsprodukten f\u00fcr Katzen besser, gl\u00fccklicher und sicherer machen m\u00f6chten.<\/p>\n<h2>Unser Auftrag<\/h2>\n<p>Auf CatsPurfection bieten wir Leitf\u00e4den und Bewertungen von Katzenprodukten sowie einen umfangreichen FAQ-Bereich. Unser Ziel ist es, ein sicheres, gl\u00fcckliches und harmonisches Lebensumfeld f\u00fcr Katzen zu schaffen, indem wir aktuelle, genaue und n\u00fctzliche Informationen zu allen Aspekten des Lebens einer Katze bereitstellen.<\/p>\n<h2>Unsere Geschichte<\/h2>\n<p>Andrew Guerra, unser Chefredakteur, hat lange Zeit als Autor verschiedener Artikel \u00fcber Liebe, Gesundheit, Tierleben und Reisen gearbeitet. Nachdem Andrew Besitzer einer Katze geworden war, konzentrierte sich sein Interesse auf Informationen dar\u00fcber, wie man das Leben eines Haustieres so angenehm und gl\u00fccklich wie m\u00f6glich gestalten kann. Schnell kam Andrew auf die Idee, eine Website zu erstellen, die umfassende Informationen \u00fcber Katzen bietet.<\/p>\n<p>In Zusammenarbeit mit Tier\u00e4rzten und lizenzierten Experten (unserem Expertenbeirat) bieten wir ausf\u00fchrliche Testberichte \u00fcber das beste Katzenfutter, Spielzeuge, Katzentoiletten und Halsb\u00e4nder sowie umfassende Antworten auf h\u00e4ufig gestellte Fragen zu Katzenkrankheiten, Ern\u00e4hrung und Pflege.<\/p>\n<p>Wir sind den Tausenden von Lesern, die unsere Website jeden Monat besuchen, sehr dankbar. Die Meinung unseres Publikums ist uns sehr wichtig. Wenn Sie W\u00fcnsche, Fragen oder Anregungen haben, k\u00f6nnen Sie uns per E-Mail kontaktieren &#8211; <strong>hi@catspurfection.com<\/strong><\/p>\n<h2>Our Team<\/h2>\n<p><img decoding=\"async\" class=\"avatar avatar-20 photo\" style=\"float: left; margin-right: 30px;\" src=\"\/wp-content\/uploads\/2020\/10\/andrew.jpg\" srcset=\"\/wp-content\/uploads\/2020\/10\/andrew.jpg\" alt=\"\" width=\"125\" height=\"125\" \/><strong>Andrew Guerra, Gr\u00fcnder und Chefredakteur<\/strong><br \/>\nAndrew ist f\u00fcr die redaktionelle Leitung der Website verantwortlich.<br \/>\nEr hat \u00fcber 5 Jahre Erfahrung als Autor und Redakteur. Andrew hat Artikel zu einer Vielzahl von Themen ver\u00f6ffentlicht, darunter Gesundheit, das Leben von Tieren, Liebe\/Beziehungen und Reisen.<br \/>\nIn seiner Freizeit reist Andrew mit wichtigen Mitgliedern seiner Familie: der Katze Leo und dem Hund Lucy.<\/p>\n<p>Wenn Sie Fragen an Andrew haben, schicken Sie ihm eine E-Mail &#8211; <strong>andrew@catspurfection.com<\/strong><\/p>\n<p>Sie k\u00f6nnen ihn auch \u00fcber <a href=\"https:\/\/www.linkedin.com\/in\/andrew-guerra-520b48134\/\" rel=\"nofollow\">LinkedIn<\/a> erreichen.<\/p>\n<p><strong><img decoding=\"async\" class=\"avatar avatar-20 photo\" style=\"float: left; margin-right: 30px;\" src=\"https:\/\/catspurfection.com\/wp-content\/uploads\/2020\/11\/linda-150x150.jpg\" alt=\"linda\" width=\"125\" height=\"125\" \/>Linda Mathews, Redakteurin<\/strong><br \/>\nLinda ist f\u00fcr die Relevanz und die Verst\u00e4ndlichkeit der Inhalte auf der Website verantwortlich. Sie verf\u00fcgt \u00fcber ein tadelloses Lese- und Schreibverm\u00f6gen und achtet sehr auf die Details.<\/p>\n<p>In ihrer Freizeit reist Linda gerne und schreibt Gedichte.<\/p>\n<p>Sie k\u00f6nnen Linda gerne ein Feedback oder einen Vorschlag schicken &#8211; <strong>linda@catspurfection.com<\/strong><\/p>\n<p><img decoding=\"async\" class=\"avatar avatar-20 photo\" style=\"float: left; margin-right: 30px;\" src=\"\/wp-content\/uploads\/2020\/10\/nancy.jpg\" srcset=\"\/wp-content\/uploads\/2020\/10\/nancy.jpg\" alt=\"\" width=\"125\" height=\"125\" \/><strong>Nancy Cooper, Redakteurin<\/strong><br \/>\nNancy ist f\u00fcr die Redaktion der Artikel auf der Website zust\u00e4ndig. Sie hat lange Zeit als Marketingspezialistin gearbeitet und sich mit der Entwicklung kreativer Ideen f\u00fcr Marketingkampagnen besch\u00e4ftigt.<br \/>\nIn ihrer Freizeit liest Nancy gerne und verbringt Zeit mit ihren Freunden.<\/p>\n<p>Schicken Sie ihr eine E-Mail &#8211; <strong>nancy@catspurfection.com<\/strong><\/p>\n<p>Sie k\u00f6nnen sie auch \u00fcber <a href=\"https:\/\/www.linkedin.com\/in\/nancy-cooper-346697128\/\" rel=\"nofollow\">LinkedIn<\/a> erreichen.<\/p>\n<div class=\"container\">\n<h2>Unser Fachbeirat<\/h2>\n<div id=\"mishelle\" class=\"row\">\n<div class=\"pt-4 card-editorial\"><img decoding=\"async\" class=\"avatar avatar-20 photo\" src=\"https:\/\/catspurfection.com\/wp-content\/uploads\/2021\/07\/mishel2.jpg\" width=\"125\" height=\"125\" \/><strong>Dr. Michelle Burch DVM<\/strong>, ist Doktorin der Veterin\u00e4rmedizin mit \u00fcber 10 Jahren Erfahrung in Tierkliniken (Kleintiermedizin) in South Carolina und Washington.<br \/>\nMichelle Burch bietet Aufkl\u00e4rung und Empfehlungen, um den spezifischen Bed\u00fcrfnissen von Haustieren gerecht zu werden und h\u00e4lt sich stets an die Standards der American Animal Hospital Association f\u00fcr die medizinische Versorgung.<br \/>\nZu den Interessen von Dr. Burch geh\u00f6ren Pr\u00e4ventivmedizin und Ern\u00e4hrung. Besuchen Sie ihre Website <a href=\"https:\/\/drmichelledvm.com\/home-2\/\" target=\"_blank\" rel=\"noopener\" data-wpel-link=\"exclude\">https:\/\/drmichelledvm.com<\/a><strong><br \/>\n<a class=\"fbln\" href=\"https:\/\/www.linkedin.com\/in\/michelle-burch-471b1973\/\" target=\"_blank\" rel=\"noopener\"><img decoding=\"async\" src=\"https:\/\/catspurfection.com\/wp-content\/uploads\/2021\/07\/linkedin-icon.png\" \/><\/a><a class=\"fbln\" href=\"https:\/\/www.facebook.com\/DrMichelleBlogging\/\" target=\"_blank\" rel=\"noopener\"><img decoding=\"async\" src=\"https:\/\/catspurfection.com\/wp-content\/uploads\/2021\/07\/facebook-icon.png\" \/><\/a><\/strong><\/div>\n<\/div>\n<div id=\"mishelle\" class=\"row\">\n<div class=\"pt-4 card-editorial\"><img decoding=\"async\" class=\"avatar avatar-20 photo\" src=\"https:\/\/catspurfection.com\/wp-content\/uploads\/2021\/09\/sara-150x150.jpg\" width=\"125\" height=\"125\" \/><strong>Dr. Sara Ochoa<\/strong>, Tierklinik, Texas, Vereinigte Staaten und tier\u00e4rztliche Beraterin f\u00fcr DogLab.<br \/>\nDr. Sara schloss ihr Studium an der Louisiana Technischen Universit\u00e4t mit einem Bachelorgrad in Tierwissenschaften ab. Au\u00dferdem absolvierte Dr. Sara ein klinisches Jahr an der Louisiana Staatsuniversit\u00e4t und schloss ihr Studium an der St. Georges Universit\u00e4t mit einem Doktortitel in Veterin\u00e4rmedizin ab.Dr. Ochoa arbeitet bei einem Tierarzt f\u00fcr exotische Tiere in Osttexas und ist tier\u00e4rztliche Beraterin f\u00fcr DogLab, wo sie Ratschl\u00e4ge und Erl\u00e4uterungen zu verschiedenen Themen und Produkten gibt.Zu den beruflichen Interessen von Dr. Ochoa geh\u00f6ren Chirurgie, Orthop\u00e4die und die Medizin exotischer Tiere. Besuchen Sie ihre Website<span class=\"pb-3 d-block\">\u00a0<a href=\"https:\/\/www.whitehousevethospital.com\/meet-our-doctors\" target=\"_blank\" rel=\"noopener\" data-wpel-link=\"exclude\">https:\/\/www.whitehousevethospital.com\/meet-our-doctors<\/a><\/span><br \/>\n<a class=\"fbln\" href=\"https:\/\/www.linkedin.com\/in\/sara-ochoa-37866a65\/\" target=\"_blank\" rel=\"noopener\"><img decoding=\"async\" src=\"https:\/\/catspurfection.com\/wp-content\/uploads\/2021\/07\/linkedin-icon.png\" \/><\/a><\/div>\n<\/div>\n<div id=\"mishelle\" class=\"row\">\n<div class=\"pt-4 card-editorial\"><img decoding=\"async\" class=\"avatar avatar-20 photo\" src=\"https:\/\/catspurfection.com\/wp-content\/uploads\/2021\/09\/wooten.jpg\" width=\"125\" height=\"125\" \/><strong>Dr. Wooten<\/strong> DVM &amp; Mitglied der amerikanischen Gesellschaft f\u00fcr Veterin\u00e4rjournalisten hat 16 Jahre Erfahrung in der allgemeinen Kleintierpraxis.<br \/>\nDr. Sarah ber\u00e4t zu verschiedenen Themen, darunter Wellness-Pflege, Zahnpflege und chirurgische Versorgung. Zu ihren Interessen geh\u00f6ren Chirurgie und Innere Medizin. Besuchen Sie ihre Website<span class=\"pb-3 d-block\">\u00a0<a href=\"https:\/\/www.drsarahwooten.com\/\" target=\"_blank\" rel=\"noopener\" data-wpel-link=\"exclude\">https:\/\/www.drsarahwooten.com\/<\/a><\/span><br \/>\n<a class=\"fbln\" href=\"https:\/\/www.linkedin.com\/in\/sarah-wooten-dvm-cvj-3068a929\/\" target=\"_blank\" rel=\"noopener\"><img decoding=\"async\" src=\"https:\/\/catspurfection.com\/wp-content\/uploads\/2021\/07\/linkedin-icon.png\" \/><\/a><a class=\"fbln\" href=\"https:\/\/twitter.com\/swimbikevet\" target=\"_blank\" rel=\"noopener\"><img decoding=\"async\" src=\"https:\/\/catspurfection.com\/wp-content\/uploads\/2021\/09\/twitter-icon-150x150.jpg\" width=\"27\" \/><\/a><\/div>\n<\/div>\n<\/div>\n","protected":false},"excerpt":{"rendered":"","protected":false},"author":1,"featured_media":0,"parent":0,"menu_order":0,"comment_status":"closed","ping_status":"closed","template":"","meta":{"wprm-recipe-roundup-name":"","wprm-recipe-roundup-description":"","footnotes":""},"yoast_head":"<!-- This site is optimized with the Yoast SEO plugin v20.13 - https:\/\/yoast.com\/wordpress\/plugins\/seo\/ -->\n<title>About CatsPurfection.com - Our Team. Our Mission. Our Story.<\/title>\n<meta name=\"robots\" content=\"index, nofollow, max-snippet:-1, max-image-preview:large, max-video-preview:-1\" \/>\n<link rel=\"canonical\" href=\"https:\/\/catspurfection.com\/de\/ueber-uns\/\" \/>\n<meta property=\"og:locale\" content=\"de_DE\" \/>\n<meta property=\"og:type\" content=\"article\" \/>\n<meta property=\"og:title\" content=\"About CatsPurfection.com - Our Team. Our Mission. Our Story.\" \/>\n<meta property=\"og:url\" content=\"https:\/\/catspurfection.com\/de\/ueber-uns\/\" \/>\n<meta property=\"og:site_name\" content=\"CatsPurfection\" \/>\n<meta property=\"article:modified_time\" content=\"2023-11-08T12:53:57+00:00\" \/>\n<meta property=\"og:image\" content=\"https:\/\/catspurfection.com\/wp-content\/uploads\/2020\/11\/linda-150x150.jpg\" \/>\n<meta name=\"twitter:card\" content=\"summary_large_image\" \/>\n<meta name=\"twitter:label1\" content=\"Gesch\u00e4tzte Lesezeit\" \/>\n\t<meta name=\"twitter:data1\" content=\"6\u00a0Minuten\" \/>\n<script type=\"application\/ld+json\" class=\"yoast-schema-graph\">{\"@context\":\"https:\/\/schema.org\",\"@graph\":[{\"@type\":\"WebPage\",\"@id\":\"https:\/\/catspurfection.com\/de\/ueber-uns\/\",\"url\":\"https:\/\/catspurfection.com\/de\/ueber-uns\/\",\"name\":\"About CatsPurfection.com - Our Team. Our Mission. Our Story.\",\"isPartOf\":{\"@id\":\"https:\/\/catspurfection.com\/de\/#website\"},\"breadcrumb\":{\"@id\":\"https:\/\/catspurfection.com\/de\/ueber-uns\/#breadcrumb\"},\"inLanguage\":\"de\",\"potentialAction\":[{\"@type\":\"ReadAction\",\"target\":[\"https:\/\/catspurfection.com\/de\/ueber-uns\/\"]}]},{\"@type\":\"BreadcrumbList\",\"@id\":\"https:\/\/catspurfection.com\/de\/ueber-uns\/#breadcrumb\",\"itemListElement\":[{\"@type\":\"ListItem\",\"position\":1,\"name\":\"Home\",\"item\":\"https:\/\/catspurfection.com\/de\"},{\"@type\":\"ListItem\",\"position\":2,\"name\":\"\u00dcber uns\"}]},{\"@type\":\"WebSite\",\"@id\":\"https:\/\/catspurfection.com\/de\/#website\",\"url\":\"https:\/\/catspurfection.com\/de\/\",\"name\":\"CatsPurfection\",\"description\":\"\",\"publisher\":{\"@id\":\"https:\/\/catspurfection.com\/de\/#organization\"},\"potentialAction\":[{\"@type\":\"SearchAction\",\"target\":{\"@type\":\"EntryPoint\",\"urlTemplate\":\"https:\/\/catspurfection.com\/de\/?s={search_term_string}\"},\"query-input\":\"required name=search_term_string\"}],\"inLanguage\":\"de\"},{\"@type\":\"Organization\",\"@id\":\"https:\/\/catspurfection.com\/de\/#organization\",\"name\":\"CatsPurfection\",\"url\":\"https:\/\/catspurfection.com\/de\/\",\"logo\":{\"@type\":\"ImageObject\",\"inLanguage\":\"de\",\"@id\":\"https:\/\/catspurfection.com\/de\/#\/schema\/logo\/image\/\",\"url\":\"https:\/\/catspurfection.com\/wp-content\/uploads\/2021\/03\/mythical-siamese-cat-names.jpg\",\"contentUrl\":\"https:\/\/catspurfection.com\/wp-content\/uploads\/2021\/03\/mythical-siamese-cat-names.jpg\",\"width\":600,\"height\":600,\"caption\":\"CatsPurfection\"},\"image\":{\"@id\":\"https:\/\/catspurfection.com\/de\/#\/schema\/logo\/image\/\"}}]}<\/script>\n<!-- \/ Yoast SEO plugin. -->","yoast_head_json":{"title":"About CatsPurfection.com - Our Team. Our Mission. Our Story.","robots":{"index":"index","follow":"nofollow","max-snippet":"max-snippet:-1","max-image-preview":"max-image-preview:large","max-video-preview":"max-video-preview:-1"},"canonical":"https:\/\/catspurfection.com\/de\/ueber-uns\/","og_locale":"de_DE","og_type":"article","og_title":"About CatsPurfection.com - Our Team. Our Mission. Our Story.","og_url":"https:\/\/catspurfection.com\/de\/ueber-uns\/","og_site_name":"CatsPurfection","article_modified_time":"2023-11-08T12:53:57+00:00","og_image":[{"url":"https:\/\/catspurfection.com\/wp-content\/uploads\/2020\/11\/linda-150x150.jpg"}],"twitter_card":"summary_large_image","twitter_misc":{"Gesch\u00e4tzte Lesezeit":"6\u00a0Minuten"},"schema":{"@context":"https:\/\/schema.org","@graph":[{"@type":"WebPage","@id":"https:\/\/catspurfection.com\/de\/ueber-uns\/","url":"https:\/\/catspurfection.com\/de\/ueber-uns\/","name":"About CatsPurfection.com - Our Team. Our Mission. Our Story.","isPartOf":{"@id":"https:\/\/catspurfection.com\/de\/#website"},"breadcrumb":{"@id":"https:\/\/catspurfection.com\/de\/ueber-uns\/#breadcrumb"},"inLanguage":"de","potentialAction":[{"@type":"ReadAction","target":["https:\/\/catspurfection.com\/de\/ueber-uns\/"]}]},{"@type":"BreadcrumbList","@id":"https:\/\/catspurfection.com\/de\/ueber-uns\/#breadcrumb","itemListElement":[{"@type":"ListItem","position":1,"name":"Home","item":"https:\/\/catspurfection.com\/de"},{"@type":"ListItem","position":2,"name":"\u00dcber uns"}]},{"@type":"WebSite","@id":"https:\/\/catspurfection.com\/de\/#website","url":"https:\/\/catspurfection.com\/de\/","name":"CatsPurfection","description":"","publisher":{"@id":"https:\/\/catspurfection.com\/de\/#organization"},"potentialAction":[{"@type":"SearchAction","target":{"@type":"EntryPoint","urlTemplate":"https:\/\/catspurfection.com\/de\/?s={search_term_string}"},"query-input":"required name=search_term_string"}],"inLanguage":"de"},{"@type":"Organization","@id":"https:\/\/catspurfection.com\/de\/#organization","name":"CatsPurfection","url":"https:\/\/catspurfection.com\/de\/","logo":{"@type":"ImageObject","inLanguage":"de","@id":"https:\/\/catspurfection.com\/de\/#\/schema\/logo\/image\/","url":"https:\/\/catspurfection.com\/wp-content\/uploads\/2021\/03\/mythical-siamese-cat-names.jpg","contentUrl":"https:\/\/catspurfection.com\/wp-content\/uploads\/2021\/03\/mythical-siamese-cat-names.jpg","width":600,"height":600,"caption":"CatsPurfection"},"image":{"@id":"https:\/\/catspurfection.com\/de\/#\/schema\/logo\/image\/"}}]}},"_links":{"self":[{"href":"https:\/\/catspurfection.com\/de\/wp-json\/wp\/v2\/pages\/1864"}],"collection":[{"href":"https:\/\/catspurfection.com\/de\/wp-json\/wp\/v2\/pages"}],"about":[{"href":"https:\/\/catspurfection.com\/de\/wp-json\/wp\/v2\/types\/page"}],"author":[{"embeddable":true,"href":"https:\/\/catspurfection.com\/de\/wp-json\/wp\/v2\/users\/1"}],"replies":[{"embeddable":true,"href":"https:\/\/catspurfection.com\/de\/wp-json\/wp\/v2\/comments?post=1864"}],"version-history":[{"count":37,"href":"https:\/\/catspurfection.com\/de\/wp-json\/wp\/v2\/pages\/1864\/revisions"}],"predecessor-version":[{"id":7866,"href":"https:\/\/catspurfection.com\/de\/wp-json\/wp\/v2\/pages\/1864\/revisions\/7866"}],"wp:attachment":[{"href":"https:\/\/catspurfection.com\/de\/wp-json\/wp\/v2\/media?parent=1864"}],"curies":[{"name":"wp","href":"https:\/\/api.w.org\/{rel}","templated":true}]}}